{"id":3238,"date":"2024-09-18T18:41:41","date_gmt":"2024-09-18T16:41:41","guid":{"rendered":"https:\/\/bio.enjoygoodfood.eu\/nachhaltigkeit-ist-eine-garantie\/"},"modified":"2024-11-07T15:05:47","modified_gmt":"2024-11-07T14:05:47","slug":"nachhaltigkeit-ist-eine-garantie","status":"publish","type":"page","link":"https:\/\/bio.enjoygoodfood.eu\/de\/nachhaltigkeit-ist-eine-garantie\/","title":{"rendered":"Nachhaltigkeit ist eine Garantie."},"content":{"rendered":"<p><div class=\"fusion-fullwidth fullwidth-box fusion-builder-row-1 fusion-flex-container has-pattern-background has-mask-background nonhundred-percent-fullwidth non-hundred-percent-height-scrolling\" style=\"--awb-border-radius-top-left:0px;--awb-border-radius-top-right:0px;--awb-border-radius-bottom-right:0px;--awb-border-radius-bottom-left:0px;--awb-flex-wrap:wrap;\" ><div class=\"fusion-builder-row fusion-row fusion-flex-align-items-flex-start fusion-flex-content-wrap\" style=\"max-width:1300px;margin-left: calc(-4% \/ 2 );margin-right: calc(-4% \/ 2 );\"><div class=\"fusion-layout-column fusion_builder_column fusion-builder-column-0 fusion_builder_column_1_1 1_1 fusion-flex-column\" style=\"--awb-bg-size:cover;--awb-width-large:100%;--awb-margin-top-large:-70px;--awb-spacing-right-large:1.92%;--awb-margin-bottom-large:0px;--awb-spacing-left-large:1.92%;--awb-width-medium:100%;--awb-order-medium:0;--awb-spacing-right-medium:1.92%;--awb-spacing-left-medium:1.92%;--awb-width-small:100%;--awb-order-small:0;--awb-spacing-right-small:1.92%;--awb-spacing-left-small:1.92%;\"><div class=\"fusion-column-wrapper fusion-column-has-shadow fusion-flex-justify-content-flex-start fusion-content-layout-column\"><div class=\"fusion-image-element \" style=\"--awb-caption-title-font-family:var(--h2_typography-font-family);--awb-caption-title-font-weight:var(--h2_typography-font-weight);--awb-caption-title-font-style:var(--h2_typography-font-style);--awb-caption-title-size:var(--h2_typography-font-size);--awb-caption-title-transform:var(--h2_typography-text-transform);--awb-caption-title-line-height:var(--h2_typography-line-height);--awb-caption-title-letter-spacing:var(--h2_typography-letter-spacing);\"><span class=\" fusion-imageframe imageframe-none imageframe-1 hover-type-none\"><img decoding=\"async\" width=\"2500\" height=\"1667\" title=\"Women&#8217;s hands sort through black soil in the field. A woman farm\" src=\"https:\/\/bio.enjoygoodfood.eu\/wp-content\/uploads\/2024\/09\/sostenibilita.jpg\" data-orig-src=\"https:\/\/bio.enjoygoodfood.eu\/wp-content\/uploads\/2024\/09\/sostenibilita.jpg\" alt class=\"lazyload img-responsive wp-image-3026\" srcset=\"data:image\/svg+xml,%3Csvg%20xmlns%3D%27http%3A%2F%2Fwww.w3.org%2F2000%2Fsvg%27%20width%3D%272500%27%20height%3D%271667%27%20viewBox%3D%270%200%202500%201667%27%3E%3Crect%20width%3D%272500%27%20height%3D%271667%27%20fill-opacity%3D%220%22%2F%3E%3C%2Fsvg%3E\" data-srcset=\"https:\/\/bio.enjoygoodfood.eu\/wp-content\/uploads\/2024\/09\/sostenibilita-200x133.jpg 200w, https:\/\/bio.enjoygoodfood.eu\/wp-content\/uploads\/2024\/09\/sostenibilita-400x267.jpg 400w, https:\/\/bio.enjoygoodfood.eu\/wp-content\/uploads\/2024\/09\/sostenibilita-600x400.jpg 600w, https:\/\/bio.enjoygoodfood.eu\/wp-content\/uploads\/2024\/09\/sostenibilita-800x533.jpg 800w, https:\/\/bio.enjoygoodfood.eu\/wp-content\/uploads\/2024\/09\/sostenibilita-1200x800.jpg 1200w, https:\/\/bio.enjoygoodfood.eu\/wp-content\/uploads\/2024\/09\/sostenibilita.jpg 2500w\" data-sizes=\"auto\" data-orig-sizes=\"(max-width: 1024px) 100vw, (max-width: 640px) 100vw, 2500px\" \/><\/span><\/div><\/div><\/div><\/div><\/div><div class=\"fusion-fullwidth fullwidth-box fusion-builder-row-2 fusion-flex-container has-pattern-background has-mask-background nonhundred-percent-fullwidth non-hundred-percent-height-scrolling\" style=\"--awb-border-radius-top-left:0px;--awb-border-radius-top-right:0px;--awb-border-radius-bottom-right:0px;--awb-border-radius-bottom-left:0px;--awb-flex-wrap:wrap;\" ><div class=\"fusion-builder-row fusion-row fusion-flex-align-items-center fusion-flex-content-wrap\" style=\"max-width:1300px;margin-left: calc(-4% \/ 2 );margin-right: calc(-4% \/ 2 );\"><div class=\"fusion-layout-column fusion_builder_column fusion-builder-column-1 fusion_builder_column_2_3 2_3 fusion-flex-column\" style=\"--awb-bg-size:cover;--awb-width-large:66.666666666667%;--awb-margin-top-large:0px;--awb-spacing-right-large:2.88%;--awb-margin-bottom-large:0px;--awb-spacing-left-large:2.88%;--awb-width-medium:100%;--awb-order-medium:0;--awb-spacing-right-medium:1.92%;--awb-spacing-left-medium:1.92%;--awb-width-small:100%;--awb-order-small:0;--awb-spacing-right-small:1.92%;--awb-spacing-left-small:1.92%;\"><div class=\"fusion-column-wrapper fusion-column-has-shadow fusion-flex-justify-content-flex-start fusion-content-layout-column\"><div class=\"fusion-text fusion-text-1\" style=\"--awb-margin-top:50px;\"><p class=\"p1\"><span class=\"s1\">Wer sich f\u00fcr europ\u00e4isches Bio-Obst und -Gem\u00fcse entscheidet, unterst\u00fctzt eine Landwirtschaft, die die biologische Vielfalt f\u00f6rdert, die Umweltbelastung reduziert und das Wohlbefinden verbessert. <\/span><\/p>\n<p class=\"p1\"><span class=\"s1\">Die au\u00dfergew\u00f6hnliche Qualit\u00e4t von europ\u00e4ischem Bio-Obst und -Gem\u00fcse wird durch die sorgf\u00e4ltige \u00dcberwachung jedes Schrittes in der Produktionskette erm\u00f6glicht. Von der Aussaat bis zur Ernte, von der Verarbeitung bis zum Vertrieb wird jeder Schritt genauestens \u00fcberwacht, um den Geschmack und die organoleptischen Eigenschaften der Produkte zu erhalten. <\/span><\/p>\n<p class=\"p1\"><span class=\"s1\">Die angewandten \u00f6kologischen Anbaumethoden schonen die Umwelt, halten den Boden lebendig und produktiv und gew\u00e4hrleisten ein H\u00f6chstma\u00df an Sicherheit und Unbedenklichkeit f\u00fcr den Verbraucher. Dar\u00fcber hinaus sind viele dieser Produkte durch Zertifizierungen wie g.U., g.g.A. und BIO gesch\u00fctzt, die Frische, Sicherheit, ausgezeichneten Geschmack und au\u00dfergew\u00f6hnliche positive Eigenschaften garantieren.<\/span><\/p>\n<p class=\"p1\"><span class=\"s1\">Jedes Bio-Obst und -Gem\u00fcse, das Sie auf Ihren Tisch bringen, erz\u00e4hlt die Geschichte des gemeinsamen Engagements f\u00fcr eine gr\u00fcnere Zukunft und eine bessere Lebensqualit\u00e4t.<\/span><\/p>\n<\/div><\/div><\/div><div class=\"fusion-layout-column fusion_builder_column fusion-builder-column-2 fusion_builder_column_1_3 1_3 fusion-flex-column\" style=\"--awb-bg-size:cover;--awb-width-large:33.333333333333%;--awb-margin-top-large:0px;--awb-spacing-right-large:5.76%;--awb-margin-bottom-large:0px;--awb-spacing-left-large:5.76%;--awb-width-medium:100%;--awb-order-medium:0;--awb-spacing-right-medium:1.92%;--awb-spacing-left-medium:1.92%;--awb-width-small:100%;--awb-order-small:0;--awb-spacing-right-small:1.92%;--awb-spacing-left-small:1.92%;\"><div class=\"fusion-column-wrapper fusion-column-has-shadow fusion-flex-justify-content-flex-start fusion-content-layout-column\"><div class=\"fusion-image-element \" style=\"text-align:center;--awb-mask-url: url(https:\/\/bio.enjoygoodfood.eu\/wp-content\/plugins\/fusion-builder\/\/assets\/images\/masks\/mask-12.svg);--awb-caption-title-font-family:var(--h2_typography-font-family);--awb-caption-title-font-weight:var(--h2_typography-font-weight);--awb-caption-title-font-style:var(--h2_typography-font-style);--awb-caption-title-size:var(--h2_typography-font-size);--awb-caption-title-transform:var(--h2_typography-text-transform);--awb-caption-title-line-height:var(--h2_typography-line-height);--awb-caption-title-letter-spacing:var(--h2_typography-letter-spacing);\"><span class=\" fusion-imageframe imageframe-none imageframe-2 hover-type-none has-mask\"><img decoding=\"async\" width=\"1000\" height=\"727\" title=\"Children Gardening Outside\" src=\"https:\/\/bio.enjoygoodfood.eu\/wp-content\/uploads\/2024\/09\/sostenibilita-2.jpg\" data-orig-src=\"https:\/\/bio.enjoygoodfood.eu\/wp-content\/uploads\/2024\/09\/sostenibilita-2.jpg\" alt class=\"lazyload img-responsive wp-image-3029\" srcset=\"data:image\/svg+xml,%3Csvg%20xmlns%3D%27http%3A%2F%2Fwww.w3.org%2F2000%2Fsvg%27%20width%3D%271000%27%20height%3D%27727%27%20viewBox%3D%270%200%201000%20727%27%3E%3Crect%20width%3D%271000%27%20height%3D%27727%27%20fill-opacity%3D%220%22%2F%3E%3C%2Fsvg%3E\" data-srcset=\"https:\/\/bio.enjoygoodfood.eu\/wp-content\/uploads\/2024\/09\/sostenibilita-2-200x145.jpg 200w, https:\/\/bio.enjoygoodfood.eu\/wp-content\/uploads\/2024\/09\/sostenibilita-2-400x291.jpg 400w, https:\/\/bio.enjoygoodfood.eu\/wp-content\/uploads\/2024\/09\/sostenibilita-2-600x436.jpg 600w, https:\/\/bio.enjoygoodfood.eu\/wp-content\/uploads\/2024\/09\/sostenibilita-2-800x582.jpg 800w, https:\/\/bio.enjoygoodfood.eu\/wp-content\/uploads\/2024\/09\/sostenibilita-2.jpg 1000w\" data-sizes=\"auto\" data-orig-sizes=\"(max-width: 1024px) 100vw, (max-width: 640px) 100vw, 400px\" \/><\/span><\/div><\/div><\/div><\/div><\/div><\/p>\n","protected":false},"excerpt":{"rendered":"","protected":false},"author":1,"featured_media":0,"parent":0,"menu_order":0,"comment_status":"closed","ping_status":"closed","template":"","meta":{"footnotes":""},"class_list":["post-3238","page","type-page","status-publish","hentry"],"_links":{"self":[{"href":"https:\/\/bio.enjoygoodfood.eu\/de\/wp-json\/wp\/v2\/pages\/3238","targetHints":{"allow":["GET"]}}],"collection":[{"href":"https:\/\/bio.enjoygoodfood.eu\/de\/wp-json\/wp\/v2\/pages"}],"about":[{"href":"https:\/\/bio.enjoygoodfood.eu\/de\/wp-json\/wp\/v2\/types\/page"}],"author":[{"embeddable":true,"href":"https:\/\/bio.enjoygoodfood.eu\/de\/wp-json\/wp\/v2\/users\/1"}],"replies":[{"embeddable":true,"href":"https:\/\/bio.enjoygoodfood.eu\/de\/wp-json\/wp\/v2\/comments?post=3238"}],"version-history":[{"count":7,"href":"https:\/\/bio.enjoygoodfood.eu\/de\/wp-json\/wp\/v2\/pages\/3238\/revisions"}],"predecessor-version":[{"id":3314,"href":"https:\/\/bio.enjoygoodfood.eu\/de\/wp-json\/wp\/v2\/pages\/3238\/revisions\/3314"}],"wp:attachment":[{"href":"https:\/\/bio.enjoygoodfood.eu\/de\/wp-json\/wp\/v2\/media?parent=3238"}],"curies":[{"name":"wp","href":"https:\/\/api.w.org\/{rel}","templated":true}]}}