{"id":3233,"date":"2024-09-18T18:14:43","date_gmt":"2024-09-18T16:14:43","guid":{"rendered":"https:\/\/bio.enjoygoodfood.eu\/ein-kulturelles-erbe-kultivieren\/"},"modified":"2025-04-10T14:14:57","modified_gmt":"2025-04-10T12:14:57","slug":"ein-kulturelles-erbe-kultivieren","status":"publish","type":"page","link":"https:\/\/bio.enjoygoodfood.eu\/de\/ein-kulturelles-erbe-kultivieren\/","title":{"rendered":"Ein kulturelles Erbe kultivieren"},"content":{"rendered":"<p><div class=\"fusion-fullwidth fullwidth-box fusion-builder-row-1 fusion-flex-container has-pattern-background has-mask-background nonhundred-percent-fullwidth non-hundred-percent-height-scrolling\" style=\"--awb-border-radius-top-left:0px;--awb-border-radius-top-right:0px;--awb-border-radius-bottom-right:0px;--awb-border-radius-bottom-left:0px;--awb-flex-wrap:wrap;\" ><div class=\"fusion-builder-row fusion-row fusion-flex-align-items-flex-start fusion-flex-content-wrap\" style=\"max-width:1300px;margin-left: calc(-4% \/ 2 );margin-right: calc(-4% \/ 2 );\"><div class=\"fusion-layout-column fusion_builder_column fusion-builder-column-0 fusion_builder_column_1_1 1_1 fusion-flex-column\" style=\"--awb-bg-size:cover;--awb-width-large:100%;--awb-margin-top-large:0px;--awb-spacing-right-large:1.92%;--awb-margin-bottom-large:0px;--awb-spacing-left-large:1.92%;--awb-width-medium:100%;--awb-order-medium:0;--awb-spacing-right-medium:1.92%;--awb-spacing-left-medium:1.92%;--awb-width-small:100%;--awb-order-small:0;--awb-spacing-right-small:1.92%;--awb-spacing-left-small:1.92%;\"><div class=\"fusion-column-wrapper fusion-column-has-shadow fusion-flex-justify-content-flex-start fusion-content-layout-column\"><div class=\"fusion-image-element \" style=\"--awb-margin-top:-70px;--awb-caption-title-font-family:var(--h2_typography-font-family);--awb-caption-title-font-weight:var(--h2_typography-font-weight);--awb-caption-title-font-style:var(--h2_typography-font-style);--awb-caption-title-size:var(--h2_typography-font-size);--awb-caption-title-transform:var(--h2_typography-text-transform);--awb-caption-title-line-height:var(--h2_typography-line-height);--awb-caption-title-letter-spacing:var(--h2_typography-letter-spacing);\"><span class=\" fusion-imageframe imageframe-none imageframe-1 hover-type-none\"><img decoding=\"async\" width=\"2048\" height=\"1333\" title=\"antico romano coontadino alta risoluzione\" src=\"https:\/\/bio.enjoygoodfood.eu\/wp-content\/uploads\/2024\/09\/antico-romano-coontadino-alta-risoluzione.jpg\" data-orig-src=\"https:\/\/bio.enjoygoodfood.eu\/wp-content\/uploads\/2024\/09\/antico-romano-coontadino-alta-risoluzione.jpg\" alt class=\"lazyload img-responsive wp-image-3018\" srcset=\"data:image\/svg+xml,%3Csvg%20xmlns%3D%27http%3A%2F%2Fwww.w3.org%2F2000%2Fsvg%27%20width%3D%272048%27%20height%3D%271333%27%20viewBox%3D%270%200%202048%201333%27%3E%3Crect%20width%3D%272048%27%20height%3D%271333%27%20fill-opacity%3D%220%22%2F%3E%3C%2Fsvg%3E\" data-srcset=\"https:\/\/bio.enjoygoodfood.eu\/wp-content\/uploads\/2024\/09\/antico-romano-coontadino-alta-risoluzione-200x130.jpg 200w, https:\/\/bio.enjoygoodfood.eu\/wp-content\/uploads\/2024\/09\/antico-romano-coontadino-alta-risoluzione-400x260.jpg 400w, https:\/\/bio.enjoygoodfood.eu\/wp-content\/uploads\/2024\/09\/antico-romano-coontadino-alta-risoluzione-600x391.jpg 600w, https:\/\/bio.enjoygoodfood.eu\/wp-content\/uploads\/2024\/09\/antico-romano-coontadino-alta-risoluzione-800x521.jpg 800w, https:\/\/bio.enjoygoodfood.eu\/wp-content\/uploads\/2024\/09\/antico-romano-coontadino-alta-risoluzione-1200x781.jpg 1200w, https:\/\/bio.enjoygoodfood.eu\/wp-content\/uploads\/2024\/09\/antico-romano-coontadino-alta-risoluzione.jpg 2048w\" data-sizes=\"auto\" data-orig-sizes=\"(max-width: 1024px) 100vw, (max-width: 640px) 100vw, 2048px\" \/><\/span><\/div><\/div><\/div><\/div><\/div><div class=\"fusion-fullwidth fullwidth-box fusion-builder-row-2 fusion-flex-container has-pattern-background has-mask-background nonhundred-percent-fullwidth non-hundred-percent-height-scrolling\" style=\"--awb-border-radius-top-left:0px;--awb-border-radius-top-right:0px;--awb-border-radius-bottom-right:0px;--awb-border-radius-bottom-left:0px;--awb-flex-wrap:wrap;\" ><div class=\"fusion-builder-row fusion-row fusion-flex-align-items-flex-start fusion-flex-content-wrap\" style=\"max-width:1300px;margin-left: calc(-4% \/ 2 );margin-right: calc(-4% \/ 2 );\"><div class=\"fusion-layout-column fusion_builder_column fusion-builder-column-1 fusion_builder_column_1_3 1_3 fusion-flex-column\" style=\"--awb-bg-size:cover;--awb-width-large:33.333333333333%;--awb-margin-top-large:0px;--awb-spacing-right-large:5.76%;--awb-margin-bottom-large:0px;--awb-spacing-left-large:5.76%;--awb-width-medium:100%;--awb-order-medium:0;--awb-spacing-right-medium:1.92%;--awb-spacing-left-medium:1.92%;--awb-width-small:100%;--awb-order-small:0;--awb-spacing-right-small:1.92%;--awb-spacing-left-small:1.92%;\"><div class=\"fusion-column-wrapper fusion-column-has-shadow fusion-flex-justify-content-flex-start fusion-content-layout-column\"><div class=\"fusion-image-element \" style=\"text-align:center;--awb-mask-url: url(https:\/\/bio.enjoygoodfood.eu\/wp-content\/plugins\/fusion-builder\/\/assets\/images\/masks\/mask-15.svg);--awb-caption-title-font-family:var(--h2_typography-font-family);--awb-caption-title-font-weight:var(--h2_typography-font-weight);--awb-caption-title-font-style:var(--h2_typography-font-style);--awb-caption-title-size:var(--h2_typography-font-size);--awb-caption-title-transform:var(--h2_typography-text-transform);--awb-caption-title-line-height:var(--h2_typography-line-height);--awb-caption-title-letter-spacing:var(--h2_typography-letter-spacing);\"><span class=\" fusion-imageframe imageframe-none imageframe-2 hover-type-none has-mask\"><img decoding=\"async\" width=\"2086\" height=\"2086\" title=\"Acquedotto delle Arcatelle, 18th century aqueduct in Tarquinia,\" src=\"https:\/\/bio.enjoygoodfood.eu\/wp-content\/uploads\/2024\/09\/acquedotto-2.jpg\" data-orig-src=\"https:\/\/bio.enjoygoodfood.eu\/wp-content\/uploads\/2024\/09\/acquedotto-2.jpg\" alt class=\"lazyload img-responsive wp-image-3020\" srcset=\"data:image\/svg+xml,%3Csvg%20xmlns%3D%27http%3A%2F%2Fwww.w3.org%2F2000%2Fsvg%27%20width%3D%272086%27%20height%3D%272086%27%20viewBox%3D%270%200%202086%202086%27%3E%3Crect%20width%3D%272086%27%20height%3D%272086%27%20fill-opacity%3D%220%22%2F%3E%3C%2Fsvg%3E\" data-srcset=\"https:\/\/bio.enjoygoodfood.eu\/wp-content\/uploads\/2024\/09\/acquedotto-2-200x200.jpg 200w, https:\/\/bio.enjoygoodfood.eu\/wp-content\/uploads\/2024\/09\/acquedotto-2-400x400.jpg 400w, https:\/\/bio.enjoygoodfood.eu\/wp-content\/uploads\/2024\/09\/acquedotto-2-600x600.jpg 600w, https:\/\/bio.enjoygoodfood.eu\/wp-content\/uploads\/2024\/09\/acquedotto-2-800x800.jpg 800w, https:\/\/bio.enjoygoodfood.eu\/wp-content\/uploads\/2024\/09\/acquedotto-2-1200x1200.jpg 1200w, https:\/\/bio.enjoygoodfood.eu\/wp-content\/uploads\/2024\/09\/acquedotto-2.jpg 2086w\" data-sizes=\"auto\" data-orig-sizes=\"(max-width: 1024px) 100vw, (max-width: 640px) 100vw, 400px\" \/><\/span><\/div><\/div><\/div><div class=\"fusion-layout-column fusion_builder_column fusion-builder-column-2 fusion_builder_column_2_3 2_3 fusion-flex-column\" style=\"--awb-bg-size:cover;--awb-width-large:66.666666666667%;--awb-margin-top-large:0px;--awb-spacing-right-large:2.88%;--awb-margin-bottom-large:0px;--awb-spacing-left-large:2.88%;--awb-width-medium:100%;--awb-order-medium:0;--awb-spacing-right-medium:1.92%;--awb-spacing-left-medium:1.92%;--awb-width-small:100%;--awb-order-small:0;--awb-spacing-right-small:1.92%;--awb-spacing-left-small:1.92%;\"><div class=\"fusion-column-wrapper fusion-column-has-shadow fusion-flex-justify-content-flex-start fusion-content-layout-column\"><div class=\"fusion-text fusion-text-1\" style=\"--awb-margin-top:50px;\"><p class=\"p1\"><span class=\"s1\">Europ\u00e4isches Bio-Obst und -Gem\u00fcse wird in den Regionen angebaut, die reich an nat\u00fcrlichen Ressourcen, aber auch an einem au\u00dfergew\u00f6hnlichen kulturellen Erbe sind. Jede Region hat eine jahrhundertealte Geschichte, landwirtschaftliche Traditionen, die von Generation zu Generation weitergegeben werden, und eine tiefe Verbundenheit mit dem Land. So wie der Artischockenanbau in Italien, der seine Wurzeln im b\u00e4uerlichen Wissen hat, das bis in die R\u00f6merzeit zur\u00fcckreicht und dieses Gem\u00fcse zu einer wahren Ikone der italienischen Regionalk\u00fcche gemacht hat. Ihre Ernte ist jedes Jahr ein wichtiger Moment f\u00fcr die lokalen Gemeinschaften, in denen die Landwirtschaft nicht nur eine Lebensgrundlage, sondern auch ein echter kultureller Ausdruck ist.<\/span><\/p>\n<\/p>\n<p class=\"p1\"><span class=\"s1\">Bei der Erzeugung von europ\u00e4ischem Bio-Obst und -Gem\u00fcse verschmelzen uralte Anbautechniken mit modernen Innovationen zu Produkten von h\u00f6chster Qualit\u00e4t, die die Seele und die Tradition des jeweiligen geografischen Gebiets widerspiegeln. Wer sich f\u00fcr europ\u00e4isches Bio-Obst und -Gem\u00fcse entscheidet, bringt authentische Aromen und ein St\u00fcck Geschichte und Kultur auf den Tisch, die jedes kulinarische Erlebnis bereichern.<\/span><\/p>\n<\/div><\/div><\/div><\/div><\/div><\/p>\n","protected":false},"excerpt":{"rendered":"","protected":false},"author":1,"featured_media":0,"parent":0,"menu_order":0,"comment_status":"closed","ping_status":"closed","template":"","meta":{"footnotes":""},"class_list":["post-3233","page","type-page","status-publish","hentry"],"_links":{"self":[{"href":"https:\/\/bio.enjoygoodfood.eu\/de\/wp-json\/wp\/v2\/pages\/3233","targetHints":{"allow":["GET"]}}],"collection":[{"href":"https:\/\/bio.enjoygoodfood.eu\/de\/wp-json\/wp\/v2\/pages"}],"about":[{"href":"https:\/\/bio.enjoygoodfood.eu\/de\/wp-json\/wp\/v2\/types\/page"}],"author":[{"embeddable":true,"href":"https:\/\/bio.enjoygoodfood.eu\/de\/wp-json\/wp\/v2\/users\/1"}],"replies":[{"embeddable":true,"href":"https:\/\/bio.enjoygoodfood.eu\/de\/wp-json\/wp\/v2\/comments?post=3233"}],"version-history":[{"count":10,"href":"https:\/\/bio.enjoygoodfood.eu\/de\/wp-json\/wp\/v2\/pages\/3233\/revisions"}],"predecessor-version":[{"id":3344,"href":"https:\/\/bio.enjoygoodfood.eu\/de\/wp-json\/wp\/v2\/pages\/3233\/revisions\/3344"}],"wp:attachment":[{"href":"https:\/\/bio.enjoygoodfood.eu\/de\/wp-json\/wp\/v2\/media?parent=3233"}],"curies":[{"name":"wp","href":"https:\/\/api.w.org\/{rel}","templated":true}]}}